{"id":1726,"date":"2025-01-22T13:34:10","date_gmt":"2025-01-22T13:34:10","guid":{"rendered":"https:\/\/capitalgeneration.cc\/crypto-heatmap"},"modified":"2025-02-03T09:53:26","modified_gmt":"2025-02-03T09:53:26","slug":"crypto-heatmap","status":"publish","type":"page","link":"https:\/\/capitalgeneration.cc\/fr\/crypto-heatmap","title":{"rendered":"Carte thermique des cryptomonnaies"},"content":{"rendered":"\t\t<div data-elementor-type=\"wp-page\" data-elementor-id=\"1726\" class=\"elementor elementor-1726\" data-elementor-settings=\"{&quot;element_pack_global_tooltip_width&quot;:{&quot;unit&quot;:&quot;px&quot;,&quot;size&quot;:&quot;&quot;,&quot;sizes&quot;:[]},&quot;element_pack_global_tooltip_width_tablet&quot;:{&quot;unit&quot;:&quot;px&quot;,&quot;size&quot;:&quot;&quot;,&quot;sizes&quot;:[]},&quot;element_pack_global_tooltip_width_mobile&quot;:{&quot;unit&quot;:&quot;px&quot;,&quot;size&quot;:&quot;&quot;,&quot;sizes&quot;:[]},&quot;element_pack_global_tooltip_padding&quot;:{&quot;unit&quot;:&quot;px&quot;,&quot;top&quot;:&quot;&quot;,&quot;right&quot;:&quot;&quot;,&quot;bottom&quot;:&quot;&quot;,&quot;left&quot;:&quot;&quot;,&quot;isLinked&quot;:true},&quot;element_pack_global_tooltip_padding_tablet&quot;:{&quot;unit&quot;:&quot;px&quot;,&quot;top&quot;:&quot;&quot;,&quot;right&quot;:&quot;&quot;,&quot;bottom&quot;:&quot;&quot;,&quot;left&quot;:&quot;&quot;,&quot;isLinked&quot;:true},&quot;element_pack_global_tooltip_padding_mobile&quot;:{&quot;unit&quot;:&quot;px&quot;,&quot;top&quot;:&quot;&quot;,&quot;right&quot;:&quot;&quot;,&quot;bottom&quot;:&quot;&quot;,&quot;left&quot;:&quot;&quot;,&quot;isLinked&quot;:true},&quot;element_pack_global_tooltip_border_radius&quot;:{&quot;unit&quot;:&quot;px&quot;,&quot;top&quot;:&quot;&quot;,&quot;right&quot;:&quot;&quot;,&quot;bottom&quot;:&quot;&quot;,&quot;left&quot;:&quot;&quot;,&quot;isLinked&quot;:true},&quot;element_pack_global_tooltip_border_radius_tablet&quot;:{&quot;unit&quot;:&quot;px&quot;,&quot;top&quot;:&quot;&quot;,&quot;right&quot;:&quot;&quot;,&quot;bottom&quot;:&quot;&quot;,&quot;left&quot;:&quot;&quot;,&quot;isLinked&quot;:true},&quot;element_pack_global_tooltip_border_radius_mobile&quot;:{&quot;unit&quot;:&quot;px&quot;,&quot;top&quot;:&quot;&quot;,&quot;right&quot;:&quot;&quot;,&quot;bottom&quot;:&quot;&quot;,&quot;left&quot;:&quot;&quot;,&quot;isLinked&quot;:true}}\" data-elementor-post-type=\"page\">\n\t\t\t\t<div class=\"elementor-element elementor-element-e5e6db9 e-flex e-con-boxed e-con e-parent\" data-id=\"e5e6db9\" data-element_type=\"container\">\n\t\t\t\t\t<div class=\"e-con-inner\">\n\t\t<div class=\"elementor-element elementor-element-a7035be e-flex e-con-boxed e-con e-child\" data-id=\"a7035be\" data-element_type=\"container\" data-settings=\"{&quot;background_background&quot;:&quot;classic&quot;}\">\n\t\t\t\t\t<div class=\"e-con-inner\">\n\t\t\t\t<div class=\"elementor-element elementor-element-fa1584e  ui-split-animate ui-splitby-chars elementor-widget elementor-widget-heading\" data-id=\"fa1584e\" data-element_type=\"widget\" data-settings=\"{&quot;ui_animate_split&quot;:&quot;ui-split-animate&quot;,&quot;ui_animate_split_by&quot;:&quot;chars&quot;,&quot;ui_animate_split_style&quot;:&quot;fadeInUp&quot;}\" data-widget_type=\"heading.default\">\n\t\t\t\t<div class=\"elementor-widget-container\">\n\t\t\t\t\t<h2 class=\"elementor-heading-title elementor-size-default\">Carte thermique des cryptomonnaies<\/h2>\t\t\t\t<\/div>\n\t\t\t\t<\/div>\n\t\t\t\t<div class=\"elementor-element elementor-element-8e86172 elementor-widget__width-initial elementor-widget elementor-widget-text-editor\" data-id=\"8e86172\" data-element_type=\"widget\" data-widget_type=\"text-editor.default\">\n\t\t\t\t<div class=\"elementor-widget-container\">\n\t\t\t\t\t\t\t\t\t<p>Un outil puissant pour analyser le march\u00e9 des actifs num\u00e9riques. La carte montre les changements de prix, les volumes d&rsquo;\u00e9change et les tendances des cryptomonnaies sous une forme visuelle claire. Les n\u00e9gociants peuvent l&rsquo;utiliser pour identifier rapidement les leaders et les outsiders du march\u00e9, \u00e9valuer l&rsquo;humeur g\u00e9n\u00e9rale et trouver des opportunit\u00e9s de transactions rentables.\n<\/p>\t\t\t\t\t\t\t\t<\/div>\n\t\t\t\t<\/div>\n\t\t\t\t\t<\/div>\n\t\t\t\t<\/div>\n\t\t\t\t\t<\/div>\n\t\t\t\t<\/div>\n\t\t<div class=\"elementor-element elementor-element-05430cc e-flex e-con-boxed e-con e-parent\" data-id=\"05430cc\" data-element_type=\"container\">\n\t\t\t\t\t<div class=\"e-con-inner\">\n\t\t<div class=\"elementor-element elementor-element-5402533 e-con-full e-flex e-con e-child\" data-id=\"5402533\" data-element_type=\"container\" data-settings=\"{&quot;background_background&quot;:&quot;gradient&quot;}\">\n\t\t\t\t<div class=\"elementor-element elementor-element-4777b36 elementor-widget elementor-widget-html\" data-id=\"4777b36\" data-element_type=\"widget\" data-widget_type=\"html.default\">\n\t\t\t\t<div class=\"elementor-widget-container\">\n\t\t\t\t\t\n<div class=\"tradingview-widget-container\">\n  <div class=\"tradingview-widget-container__widget\"><\/div>\n  <script type=\"text\/javascript\" src=\"https:\/\/s3.tradingview.com\/external-embedding\/embed-widget-crypto-coins-heatmap.js\" async>\n  {\n  \"dataSource\": \"Crypto\",\n  \"blockSize\": \"market_cap_calc\",\n  \"blockColor\": \"change\",\n  \"locale\": \"en\",\n  \"symbolUrl\": \"\",\n  \"colorTheme\": \"dark\",\n  \"hasTopBar\": false,\n  \"isDataSetEnabled\": false,\n  \"isZoomEnabled\": true,\n  \"hasSymbolTooltip\": true,\n  \"isMonoSize\": false,\n  \"width\": \"100%\",\n  \"height\": 600\n}\n  <\/script>\n<\/div>\n\n\n<a class=\"brand-label\"><img decoding=\"async\" src=\"https:\/\/capitalgeneration.cc\/wp-content\/uploads\/favicon-2.svg\"\/><\/a>\t\t\t\t<\/div>\n\t\t\t\t<\/div>\n\t\t\t\t<\/div>\n\t\t\t\t\t<\/div>\n\t\t\t\t<\/div>\n\t\t\t\t<\/div>\n\t\t","protected":false},"excerpt":{"rendered":"<p>Carte thermique des cryptomonnaies Un outil puissant pour analyser le march\u00e9 des actifs num\u00e9riques. La carte montre les changements de prix, les [&hellip;]<\/p>\n","protected":false},"author":1,"featured_media":0,"parent":0,"menu_order":0,"comment_status":"closed","ping_status":"closed","template":"","meta":{"footnotes":""},"class_list":["post-1726","page","type-page","status-publish","hentry"],"_links":{"self":[{"href":"https:\/\/capitalgeneration.cc\/fr\/wp-json\/wp\/v2\/pages\/1726","targetHints":{"allow":["GET"]}}],"collection":[{"href":"https:\/\/capitalgeneration.cc\/fr\/wp-json\/wp\/v2\/pages"}],"about":[{"href":"https:\/\/capitalgeneration.cc\/fr\/wp-json\/wp\/v2\/types\/page"}],"author":[{"embeddable":true,"href":"https:\/\/capitalgeneration.cc\/fr\/wp-json\/wp\/v2\/users\/1"}],"replies":[{"embeddable":true,"href":"https:\/\/capitalgeneration.cc\/fr\/wp-json\/wp\/v2\/comments?post=1726"}],"version-history":[{"count":5,"href":"https:\/\/capitalgeneration.cc\/fr\/wp-json\/wp\/v2\/pages\/1726\/revisions"}],"predecessor-version":[{"id":1779,"href":"https:\/\/capitalgeneration.cc\/fr\/wp-json\/wp\/v2\/pages\/1726\/revisions\/1779"}],"wp:attachment":[{"href":"https:\/\/capitalgeneration.cc\/fr\/wp-json\/wp\/v2\/media?parent=1726"}],"curies":[{"name":"wp","href":"https:\/\/api.w.org\/{rel}","templated":true}]}}